{"id":17,"date":"2026-03-08T20:03:12","date_gmt":"2026-03-08T19:03:12","guid":{"rendered":"http:\/\/www.bielanskieps.pl\/?page_id=17"},"modified":"2026-04-18T10:01:57","modified_gmt":"2026-04-18T08:01:57","slug":"o-nas","status":"publish","type":"page","link":"https:\/\/www.bielanskieps.pl\/","title":{"rendered":"Biela\u0144skie przedsi\u0119biorstwo spo\u0142eczne &#8211; domowe obiady"},"content":{"rendered":"\n<div class=\"wp-block-cover alignfull is-light\" style=\"margin-top:0;margin-bottom:0;padding-top:var(--wp--preset--spacing--superbspacing-xxlarge);padding-right:var(--wp--preset--spacing--superbspacing-medium);padding-bottom:var(--wp--preset--spacing--superbspacing-xxlarge);padding-left:var(--wp--preset--spacing--superbspacing-medium);min-height:600px;aspect-ratio:unset;\"><img loading=\"lazy\" decoding=\"async\" width=\"1024\" height=\"427\" class=\"wp-block-cover__image-background wp-image-117 size-large\" alt=\"\" src=\"http:\/\/www.bielanskieps.pl\/wp-content\/uploads\/2026\/03\/7-1-1024x427.png\" data-object-fit=\"cover\" srcset=\"https:\/\/www.bielanskieps.pl\/wp-content\/uploads\/2026\/03\/7-1-1024x427.png 1024w, https:\/\/www.bielanskieps.pl\/wp-content\/uploads\/2026\/03\/7-1-300x125.png 300w, https:\/\/www.bielanskieps.pl\/wp-content\/uploads\/2026\/03\/7-1-768x320.png 768w, https:\/\/www.bielanskieps.pl\/wp-content\/uploads\/2026\/03\/7-1.png 1200w\" sizes=\"auto, (max-width: 1024px) 100vw, 1024px\" \/><span aria-hidden=\"true\" class=\"wp-block-cover__background has-background-dim\" style=\"background-color:#a2928e\"><\/span><div class=\"wp-block-cover__inner-container is-layout-constrained wp-container-core-cover-is-layout-b299b26f wp-block-cover-is-layout-constrained\">\n<div class=\"wp-block-group is-content-justification-left\"><div class=\"wp-block-group__inner-container is-layout-constrained wp-container-core-group-is-layout-6228af1a wp-block-group-is-layout-constrained\">\n<div class=\"wp-block-group is-vertical is-content-justification-left is-layout-flex wp-container-core-group-is-layout-7cfb3101 wp-block-group-is-layout-flex\">\n<h2 class=\"wp-block-heading has-text-align-center has-contrast-light-color has-text-color has-superbfont-xxsmall-font-size\" style=\"font-style:normal;font-weight:700;letter-spacing:5px;text-transform:uppercase\">zamawiasz, smakujesz pomagasz<\/h2>\n\n\n\n<h2 class=\"wp-block-heading has-text-align-left has-contrast-light-color has-text-color has-superbfont-xlarge-font-size\">Gotujemy z sercem. Dowozimy na Bielany.<\/h2>\n\n\n\n<p class=\"has-text-align-left has-contrast-light-color has-text-color has-superbfont-small-font-size\">Domowe, lekkostrawne obiady dla rodzin i senior\u00f3w \u2014 w dobrej cenie i z prawdziw\u0105 misj\u0105 w tle.<br><\/p>\n<\/div>\n\n\n\n<div class=\"wp-block-buttons is-content-justification-left is-layout-flex wp-container-core-buttons-is-layout-7dfe8ed0 wp-block-buttons-is-layout-flex\">\n<div class=\"wp-block-button is-style-outline is-style-outline--1\"><a class=\"wp-block-button__link has-base-color has-text-color has-border-color has-contrast-light-border-color has-superbfont-small-font-size has-custom-font-size wp-element-button\">zobacz przyk\u0142adowe dania<\/a><\/div>\n\n\n\n<div class=\"wp-block-button\"><a class=\"wp-block-button__link has-superbfont-small-font-size has-custom-font-size wp-element-button\">Kontakt<\/a><\/div>\n<\/div>\n<\/div><\/div>\n<\/div><\/div>\n\n\n\n<div class=\"blockart-section blockart-section-6dbea2a6\"><div class=\"blockart-container\"><div class=\"blockart-section-inner\">\n<div class=\"blockart-column blockart-column-2a8f717d\"><div class=\"blockart-column-inner\">\n<figure class=\"blockart-image blockart-image-9a15900d\"><img loading=\"lazy\" decoding=\"async\" class=\"wp-image-119 hover-effect-static filter-none mask mask-none\" src=\"http:\/\/www.bielanskieps.pl\/wp-content\/uploads\/2026\/03\/Projekt-bez-nazwy-17.png\" alt=\"\" height=\"1350\" width=\"1080\" srcset=\"https:\/\/www.bielanskieps.pl\/wp-content\/uploads\/2026\/03\/Projekt-bez-nazwy-17.png 1080w, https:\/\/www.bielanskieps.pl\/wp-content\/uploads\/2026\/03\/Projekt-bez-nazwy-17-240x300.png 240w, https:\/\/www.bielanskieps.pl\/wp-content\/uploads\/2026\/03\/Projekt-bez-nazwy-17-819x1024.png 819w, https:\/\/www.bielanskieps.pl\/wp-content\/uploads\/2026\/03\/Projekt-bez-nazwy-17-768x960.png 768w\" sizes=\"auto, (max-width: 1080px) 100vw, 1080px\" \/><\/figure>\n<\/div><\/div>\n\n\n\n<div class=\"blockart-column blockart-column-89717047\"><div class=\"blockart-column-inner\">\n<h2 class=\"blockart-heading blockart-heading-09c91258\">Domowe smaki, prawdziwa misja<\/h2>\n\n\n\n<p class=\"blockart-paragraph blockart-paragraph-e85500df\">Smaczne, domowe obiady z dostaw\u0105 na Bielany \u2014 dla rodzin, senior\u00f3w i wszystkich, kt\u00f3rzy ceni\u0105 proste, zbilansowane jedzenie. Za ka\u017cdym zam\u00f3wieniem stoj\u0105 osoby z niepe\u0142nosprawno\u015bci\u0105 i misja, kt\u00f3ra naprawd\u0119 ma znaczenie. Jeste\u015bmy Biela\u0144skim Przedsi\u0119biorstwem Spo\u0142ecznym i gotujemy z sercem.<\/p>\n\n\n<\/div><\/div>\n<\/div><\/div><\/div>\n\n\n\n<hr class=\"wp-block-separator has-alpha-channel-opacity\"\/>\n\n\n\n<div class=\"aligncenter blockart-section blockart-section-7a399b46 aligncenter\"><div class=\"blockart-container\"><div class=\"blockart-section-inner\">\n<div class=\"blockart-column blockart-column-aea21bc7\"><div class=\"blockart-column-inner\">\n<h4 class=\"blockart-heading blockart-heading-3d3eb432\">dlaczego warto nas wybra\u0107<\/h4>\n\n\n\n<h2 class=\"blockart-heading blockart-heading-1a283d76\">Kilka prostych powod\u00f3w<\/h2>\n\n\n\n<div class=\"blockart-section blockart-section-ee143f76\"><div class=\"blockart-container\"><div class=\"blockart-section-inner\">\n<div class=\"blockart-column blockart-column-f3859bbb\"><div class=\"blockart-column-inner\">\n<figure class=\"blockart-image blockart-image-7ec82dfe\"><img loading=\"lazy\" decoding=\"async\" width=\"100\" height=\"100\" class=\"wp-image-122 hover-effect-static filter-none mask mask-none\" src=\"http:\/\/www.bielanskieps.pl\/wp-content\/uploads\/2026\/03\/1-5.png\" alt=\"\"\/><\/figure>\n\n\n\n<div class=\"wp-block-group\"><div class=\"wp-block-group__inner-container is-layout-constrained wp-block-group-is-layout-constrained\">\n<p class=\"blockart-heading blockart-heading-577e9b24\">zatrudniamy osoby z niepe\u0142nosprawno\u015bci\u0105<\/p>\n<\/div><\/div>\n\n\n\n<p class=\"blockart-paragraph blockart-paragraph-6205c297\">Zatrudniamy osoby z niepe\u0142nosprawno\u015bci\u0105 intelektualn\u0105 i autyzmem \u2014 i jeste\u015bmy z tego naprawd\u0119 dumni.<\/p>\n<\/div><\/div>\n\n\n\n<div class=\"blockart-column blockart-column-7153c009\"><div class=\"blockart-column-inner\">\n<figure class=\"blockart-image blockart-image-a93fdae3\"><img loading=\"lazy\" decoding=\"async\" width=\"100\" height=\"100\" class=\"wp-image-123 hover-effect-static filter-none mask mask-none\" src=\"http:\/\/www.bielanskieps.pl\/wp-content\/uploads\/2026\/03\/2-2.png\" alt=\"\"\/><\/figure>\n\n\n\n<h3 class=\"blockart-heading blockart-heading-dd93d796\">dzia\u0142alno\u015b\u0107 non profit<\/h3>\n\n\n\n<p class=\"blockart-paragraph blockart-paragraph-c240136d\">Zamawiaj\u0105c u nas, wspierasz dom dla niesamodzielnych os\u00f3b z niepe\u0142nosprawno\u015bci\u0105 intelektualn\u0105 \u2014 prowadzony przez Fundacj\u0119 Malwa na Bielanach.<\/p>\n<\/div><\/div>\n\n\n\n<div class=\"blockart-column blockart-column-9c5684ed\"><div class=\"blockart-column-inner\">\n<figure class=\"blockart-image blockart-image-f6d236c2\"><img loading=\"lazy\" decoding=\"async\" width=\"100\" height=\"100\" class=\"wp-image-124 hover-effect-static filter-none mask mask-none\" src=\"http:\/\/www.bielanskieps.pl\/wp-content\/uploads\/2026\/03\/4.png\" alt=\"\"\/><\/figure>\n\n\n\n<h3 class=\"blockart-heading blockart-heading-63bcc4f4\">domowe obiady<\/h3>\n\n\n\n<p class=\"blockart-paragraph blockart-paragraph-e1bd8f9f\">Domowe smaki, kt\u00f3re znasz i lubisz. Nasze obiady s\u0105 proste, syc\u0105ce i robione z prawdziw\u0105 trosk\u0105. <\/p>\n<\/div><\/div>\n\n\n\n<div class=\"blockart-column blockart-column-ecf550aa\"><div class=\"blockart-column-inner\">\n<figure class=\"blockart-image blockart-image-6a1aad25\"><img loading=\"lazy\" decoding=\"async\" width=\"100\" height=\"100\" class=\"wp-image-125 hover-effect-static filter-none mask mask-none\" src=\"http:\/\/www.bielanskieps.pl\/wp-content\/uploads\/2026\/03\/3-2.png\" alt=\"\"\/><\/figure>\n\n\n\n<h3 class=\"blockart-heading blockart-heading-69131272\">catering na eventy<\/h3>\n\n\n\n<p class=\"blockart-paragraph blockart-paragraph-8a7669c1\">Catering, kt\u00f3ry smakuje i ma znaczenie. Obs\u0142ugujemy eventy, bankiety i spotkania \u2014 ka\u017cde zam\u00f3wienie wspiera nasz\u0105 misj\u0119.<\/p>\n<\/div><\/div>\n<\/div><\/div><\/div>\n<\/div><\/div>\n<\/div><\/div><\/div>\n\n\n\n<div class=\"blockart-section blockart-section-f3d8e8a1\"><div class=\"blockart-container\"><div class=\"blockart-section-inner\">\n<div class=\"blockart-column blockart-column-96312125\"><div class=\"blockart-column-inner\">\n<h2 class=\"blockart-heading blockart-heading-6529785a\">Nasz zesp\u00f3\u0142<\/h2>\n\n\n\n<div class=\"blockart-section blockart-section-cb08830b\"><div class=\"blockart-container\"><div class=\"blockart-section-inner\">\n<div class=\"blockart-column blockart-column-f559c015\"><div class=\"blockart-column-inner\">\n<figure class=\"blockart-image blockart-image-ed32e25e\"><img loading=\"lazy\" decoding=\"async\" width=\"1024\" height=\"1536\" class=\"wp-image-204 hover-effect-static filter-none mask mask-none\" src=\"https:\/\/www.bielanskieps.pl\/wp-content\/uploads\/2026\/04\/ChatGPT-Image-18-kwi-2026-09_56_41.png\" alt=\"\" srcset=\"https:\/\/www.bielanskieps.pl\/wp-content\/uploads\/2026\/04\/ChatGPT-Image-18-kwi-2026-09_56_41.png 1024w, https:\/\/www.bielanskieps.pl\/wp-content\/uploads\/2026\/04\/ChatGPT-Image-18-kwi-2026-09_56_41-200x300.png 200w, https:\/\/www.bielanskieps.pl\/wp-content\/uploads\/2026\/04\/ChatGPT-Image-18-kwi-2026-09_56_41-683x1024.png 683w, https:\/\/www.bielanskieps.pl\/wp-content\/uploads\/2026\/04\/ChatGPT-Image-18-kwi-2026-09_56_41-768x1152.png 768w\" sizes=\"auto, (max-width: 1024px) 100vw, 1024px\" \/><\/figure>\n\n\n\n<h3 class=\"blockart-heading blockart-heading-3b5b0b2e\">Angelika <\/h3>\n\n\n\n<p class=\"blockart-paragraph blockart-paragraph-0952f8ae\">Manager i Trener Pracy<\/p>\n<\/div><\/div>\n\n\n\n<div class=\"blockart-column blockart-column-5378cb8a\"><div class=\"blockart-column-inner\">\n<figure class=\"blockart-image blockart-image-4fdc6725\"><img loading=\"lazy\" decoding=\"async\" width=\"1024\" height=\"1536\" class=\"wp-image-205 hover-effect-static filter-none mask mask-none\" src=\"https:\/\/www.bielanskieps.pl\/wp-content\/uploads\/2026\/04\/ChatGPT-Image-18-kwi-2026-09_56_29.png\" alt=\"\" srcset=\"https:\/\/www.bielanskieps.pl\/wp-content\/uploads\/2026\/04\/ChatGPT-Image-18-kwi-2026-09_56_29.png 1024w, https:\/\/www.bielanskieps.pl\/wp-content\/uploads\/2026\/04\/ChatGPT-Image-18-kwi-2026-09_56_29-200x300.png 200w, https:\/\/www.bielanskieps.pl\/wp-content\/uploads\/2026\/04\/ChatGPT-Image-18-kwi-2026-09_56_29-683x1024.png 683w, https:\/\/www.bielanskieps.pl\/wp-content\/uploads\/2026\/04\/ChatGPT-Image-18-kwi-2026-09_56_29-768x1152.png 768w\" sizes=\"auto, (max-width: 1024px) 100vw, 1024px\" \/><\/figure>\n\n\n\n<h3 class=\"blockart-heading blockart-heading-0c12a06d\">Anna<\/h3>\n\n\n\n<p class=\"blockart-paragraph blockart-paragraph-fe5e9764\">Kucharz<\/p>\n<\/div><\/div>\n\n\n\n<div class=\"blockart-column blockart-column-ca0a3029\"><div class=\"blockart-column-inner\">\n<figure class=\"blockart-image blockart-image-21a3f140\"><img loading=\"lazy\" decoding=\"async\" width=\"1024\" height=\"1536\" class=\"wp-image-206 hover-effect-static filter-none mask mask-none\" src=\"https:\/\/www.bielanskieps.pl\/wp-content\/uploads\/2026\/04\/ChatGPT-Image-18-kwi-2026-09_56_33.png\" alt=\"\" srcset=\"https:\/\/www.bielanskieps.pl\/wp-content\/uploads\/2026\/04\/ChatGPT-Image-18-kwi-2026-09_56_33.png 1024w, https:\/\/www.bielanskieps.pl\/wp-content\/uploads\/2026\/04\/ChatGPT-Image-18-kwi-2026-09_56_33-200x300.png 200w, https:\/\/www.bielanskieps.pl\/wp-content\/uploads\/2026\/04\/ChatGPT-Image-18-kwi-2026-09_56_33-683x1024.png 683w, https:\/\/www.bielanskieps.pl\/wp-content\/uploads\/2026\/04\/ChatGPT-Image-18-kwi-2026-09_56_33-768x1152.png 768w\" sizes=\"auto, (max-width: 1024px) 100vw, 1024px\" \/><\/figure>\n\n\n\n<h3 class=\"blockart-heading blockart-heading-a8dc32eb\">Micha\u0142<\/h3>\n\n\n\n<p class=\"blockart-paragraph blockart-paragraph-a233d757\">Pomoc kuchenna<\/p>\n<\/div><\/div>\n\n\n\n<div class=\"blockart-column blockart-column-fa1701af\"><div class=\"blockart-column-inner\">\n<figure class=\"blockart-image blockart-image-156fa208\"><img loading=\"lazy\" decoding=\"async\" width=\"1024\" height=\"1536\" class=\"wp-image-207 hover-effect-static filter-none mask mask-none\" src=\"https:\/\/www.bielanskieps.pl\/wp-content\/uploads\/2026\/04\/ChatGPT-Image-18-kwi-2026-09_56_46.png\" alt=\"\" srcset=\"https:\/\/www.bielanskieps.pl\/wp-content\/uploads\/2026\/04\/ChatGPT-Image-18-kwi-2026-09_56_46.png 1024w, https:\/\/www.bielanskieps.pl\/wp-content\/uploads\/2026\/04\/ChatGPT-Image-18-kwi-2026-09_56_46-200x300.png 200w, https:\/\/www.bielanskieps.pl\/wp-content\/uploads\/2026\/04\/ChatGPT-Image-18-kwi-2026-09_56_46-683x1024.png 683w, https:\/\/www.bielanskieps.pl\/wp-content\/uploads\/2026\/04\/ChatGPT-Image-18-kwi-2026-09_56_46-768x1152.png 768w\" sizes=\"auto, (max-width: 1024px) 100vw, 1024px\" \/><\/figure>\n\n\n\n<h3 class=\"blockart-heading blockart-heading-36473677\">Adrian<\/h3>\n\n\n\n<p class=\"blockart-paragraph blockart-paragraph-7b0a09f7\">Pracownik obs\u0142ugi<\/p>\n<\/div><\/div>\n<\/div><\/div><\/div>\n<\/div><\/div>\n<\/div><\/div><\/div>\n\n\n\n<div class=\"blockart-section blockart-section-44e59ed6\"><div class=\"blockart-container\"><div class=\"blockart-section-inner\">\n<div class=\"blockart-column blockart-column-53ced7fe\"><div class=\"blockart-column-inner\">\n<h4 class=\"blockart-heading blockart-heading-86b26aea\">Opinie<\/h4>\n\n\n\n<h2 class=\"blockart-heading blockart-heading-05a3018b\">Co pisz\u0105 nasi klienci<\/h2>\n\n\n\n<div class=\"blockart-section blockart-section-0d7c1ef5\"><div class=\"blockart-container\"><div class=\"blockart-section-inner\">\n<div class=\"blockart-column blockart-column-8ee45efe\"><div class=\"blockart-column-inner\">\n<p class=\"blockart-paragraph blockart-paragraph-df14a691\">Kuchnia realizuje codzienne obiady dla mieszka\u0144c\u00f3w domu, w kilkuletniej wsp\u00f3\u0142pracy nasi mieszka\u0144cy maj\u0105 dobre samopoczucie, zbilansowane mikrosk\u0142adniki i dania kt\u00f3re znaj\u0105 i lubi\u0105. <\/p>\n\n\n\n<h3 class=\"blockart-heading blockart-heading-198796e6\">Olga <\/h3>\n\n\n\n<h6 class=\"blockart-heading blockart-heading-3b70e0e5\">kierownik domu Malwa<\/h6>\n<\/div><\/div>\n\n\n\n<div class=\"blockart-column blockart-column-4bbbf3ad\"><div class=\"blockart-column-inner\">\n<p class=\"blockart-paragraph blockart-paragraph-1ebba8c1\">Pierwszy raz skorzystali\u015bmy z oferty obiadu na wynos. By\u0142o bardzo smacznie, domowo, cz\u0142owiek si\u0119 porz\u0105dnie najad\u0142 a jednocze\u015bnie za nisk\u0105 cen\u0119 i z wspania\u0142ym celem pomocy. Wr\u00f3cimy i b\u0119dziemy poleca\u0107! Dzi\u0119kujemy!<\/p>\n\n\n\n<h3 class=\"blockart-heading blockart-heading-dd16c654\">Milena<\/h3>\n\n\n\n<h6 class=\"blockart-heading blockart-heading-444c60b5\">klient indywidualny<\/h6>\n<\/div><\/div>\n\n\n\n<div class=\"blockart-column blockart-column-c5dd1b27\"><div class=\"blockart-column-inner\">\n<p class=\"blockart-paragraph blockart-paragraph-331b6876\">Ja tam mog\u0119 powiedzie\u0107, \u017ce to cudowne miejsce, Panie na kuchni mistrzynie \u015bwiata. Wielokrotnie jad\u0142am cudowne obiady jak wr\u00f3c\u0119 z urlopu natychmiast wracam po obiad<img loading=\"lazy\" decoding=\"async\" height=\"16\" width=\"16\" src=\"https:\/\/static.xx.fbcdn.net\/images\/emoji.php\/v9\/t71\/1\/16\/1f339.png\" alt=\"\ud83c\udf39\"><img loading=\"lazy\" decoding=\"async\" height=\"16\" width=\"16\" src=\"https:\/\/static.xx.fbcdn.net\/images\/emoji.php\/v9\/t71\/1\/16\/1f339.png\" alt=\"\ud83c\udf39\"><img loading=\"lazy\" decoding=\"async\" height=\"16\" width=\"16\" src=\"https:\/\/static.xx.fbcdn.net\/images\/emoji.php\/v9\/t71\/1\/16\/1f339.png\" alt=\"\ud83c\udf39\"><img loading=\"lazy\" decoding=\"async\" height=\"16\" width=\"16\" src=\"https:\/\/static.xx.fbcdn.net\/images\/emoji.php\/v9\/t71\/1\/16\/1f339.png\" alt=\"\ud83c\udf39\"><img loading=\"lazy\" decoding=\"async\" height=\"16\" width=\"16\" src=\"https:\/\/static.xx.fbcdn.net\/images\/emoji.php\/v9\/t71\/1\/16\/1f339.png\" alt=\"\ud83c\udf39\"><\/p>\n\n\n\n<h3 class=\"blockart-heading blockart-heading-95801744\">Ula<\/h3>\n\n\n\n<h6 class=\"blockart-heading blockart-heading-1452c010\">klient indywidualny<\/h6>\n<\/div><\/div>\n<\/div><\/div><\/div>\n<\/div><\/div>\n<\/div><\/div><\/div>\n\n\n\n<div class=\"wp-block-group alignfull has-background-color\" style=\"margin-top:0;margin-bottom:0;padding-top:var(--wp--preset--spacing--40);padding-right:var(--wp--preset--spacing--30);padding-bottom:var(--wp--preset--spacing--40);padding-left:var(--wp--preset--spacing--30)\"><div class=\"wp-block-group__inner-container is-layout-constrained wp-container-core-group-is-layout-91a691eb wp-block-group-is-layout-constrained\">\n<div class=\"wp-block-group alignwide is-content-justification-space-between is-layout-flex wp-container-core-group-is-layout-256aec57 wp-block-group-is-layout-flex\">\n<div class=\"wp-block-group is-layout-flex wp-block-group-is-layout-flex\"><h1 class=\"wp-block-site-title has-small-font-size\"><a href=\"https:\/\/www.bielanskieps.pl\" target=\"_self\" rel=\"home\">Biela\u0144skie Przedsi\u0119biorstwo Spo\u0142eczne DOMOWE OBIADY Warszawa Bielany<\/a><\/h1><\/div>\n\n\n\n<p class=\"has-small-font-size\"> Z dum\u0105 wspierane przez <a rel=\"nofollow\" href=\"https:\/\/wordpress.org\">WordPress<\/a> <\/p>\n<\/div>\n<\/div><\/div>\n\n\n\n<div class=\"wp-block-group alignfull has-background\" style=\"background-color:#00000008;padding-top:var(--wp--preset--spacing--50);padding-right:var(--wp--preset--spacing--40);padding-bottom:var(--wp--preset--spacing--50);padding-left:var(--wp--preset--spacing--40)\"><div class=\"wp-block-group__inner-container is-layout-constrained wp-container-core-group-is-layout-141b4844 wp-block-group-is-layout-constrained\">\n<div class=\"wp-block-group alignwide is-content-justification-space-between is-layout-flex wp-container-core-group-is-layout-0d19cf55 wp-block-group-is-layout-flex\">\n<div class=\"wp-block-group wp-container-content-9cfa9a5a is-content-justification-left\"><div class=\"wp-block-group__inner-container is-layout-constrained wp-container-core-group-is-layout-8c890d92 wp-block-group-is-layout-constrained\">\n<p class=\"has-text-align-left\" style=\"font-size:0.9rem;font-style:normal;font-weight:600;letter-spacing:1px;text-transform:uppercase\">Szukaj<\/p>\n\n\n<form role=\"search\" method=\"get\" action=\"https:\/\/www.bielanskieps.pl\/\" class=\"wp-block-search__button-outside wp-block-search__icon-button wp-block-search\"    ><label class=\"wp-block-search__label screen-reader-text\" for=\"wp-block-search__input-2\" >Search<\/label><div class=\"wp-block-search__inside-wrapper\"  style=\"width: 100%\"><input class=\"wp-block-search__input\" id=\"wp-block-search__input-2\" placeholder=\"\" value=\"\" type=\"search\" name=\"s\" required  style=\"border-width: 1px\"\/><button aria-label=\"Search\" class=\"wp-block-search__button has-icon wp-element-button\" type=\"submit\"  style=\"border-width: 1px\"><svg class=\"search-icon\" viewBox=\"0 0 24 24\" width=\"24\" height=\"24\">\n\t\t\t\t\t<path d=\"M13 5c-3.3 0-6 2.7-6 6 0 1.4.5 2.7 1.3 3.7l-3.8 3.8 1.1 1.1 3.8-3.8c1 .8 2.3 1.3 3.7 1.3 3.3 0 6-2.7 6-6S16.3 5 13 5zm0 10.5c-2.5 0-4.5-2-4.5-4.5s2-4.5 4.5-4.5 4.5 2 4.5 4.5-2 4.5-4.5 4.5z\"><\/path>\n\t\t\t\t<\/svg><\/button><\/div><\/form><\/div><\/div>\n\n\n\n<div class=\"wp-block-group is-content-justification-right is-nowrap is-layout-flex wp-container-core-group-is-layout-b4654d8f wp-block-group-is-layout-flex\">\n<div class=\"wp-block-group is-vertical is-layout-flex wp-container-core-group-is-layout-8cf370e7 wp-block-group-is-layout-flex\">\n<p class=\"has-text-align-left\" style=\"font-size:0.9rem;font-style:normal;font-weight:600;letter-spacing:1px;text-transform:uppercase\">Spo\u0142eczno\u015bci <\/p>\n\n\n\n<div class=\"wp-block-group has-small-font-size is-vertical is-content-justification-left is-layout-flex wp-container-core-group-is-layout-d2172249 wp-block-group-is-layout-flex\">\n<p><a href=\"https:\/\/www.facebook.com\/profile.php?id=61559005942809\">Facebook<\/a><\/p>\n\n\n\n<p><a href=\"https:\/\/www.instagram.com\/bpskuchnia\/\">Instagram<\/a><\/p>\n\n\n\n<p><\/p>\n<\/div>\n<\/div>\n<\/div>\n<\/div>\n\n\n\n<div style=\"height:48px\" aria-hidden=\"true\" class=\"wp-block-spacer\"><\/div>\n\n\n\n<div class=\"wp-block-group alignwide is-content-justification-space-between is-layout-flex wp-container-core-group-is-layout-256aec57 wp-block-group-is-layout-flex\">\n<div class=\"wp-block-group is-layout-flex wp-block-group-is-layout-flex\"><h1 class=\"wp-block-site-title has-small-font-size\"><a href=\"https:\/\/www.bielanskieps.pl\" target=\"_self\" rel=\"home\">Biela\u0144skie Przedsi\u0119biorstwo Spo\u0142eczne DOMOWE OBIADY Warszawa Bielany<\/a><\/h1><\/div>\n\n\n\n<p class=\"has-small-font-size\"> Z dum\u0105 wspierane przez <a rel=\"nofollow\" href=\"https:\/\/wordpress.org\">WordPress<\/a> <\/p>\n<\/div>\n<\/div><\/div>\n\n\n\n<p><\/p>\n","protected":false},"excerpt":{"rendered":"<p>Z dum\u0105 wspierane przez WordPress Szukaj Spo\u0142eczno\u015bci Facebook Instagram Z dum\u0105 wspierane przez WordPress<\/p>\n","protected":false},"author":1,"featured_media":0,"parent":0,"menu_order":0,"comment_status":"closed","ping_status":"closed","template":"","meta":{"footnotes":""},"class_list":["post-17","page","type-page","status-publish","hentry"],"_links":{"self":[{"href":"https:\/\/www.bielanskieps.pl\/index.php\/wp-json\/wp\/v2\/pages\/17","targetHints":{"allow":["GET"]}}],"collection":[{"href":"https:\/\/www.bielanskieps.pl\/index.php\/wp-json\/wp\/v2\/pages"}],"about":[{"href":"https:\/\/www.bielanskieps.pl\/index.php\/wp-json\/wp\/v2\/types\/page"}],"author":[{"embeddable":true,"href":"https:\/\/www.bielanskieps.pl\/index.php\/wp-json\/wp\/v2\/users\/1"}],"replies":[{"embeddable":true,"href":"https:\/\/www.bielanskieps.pl\/index.php\/wp-json\/wp\/v2\/comments?post=17"}],"version-history":[{"count":12,"href":"https:\/\/www.bielanskieps.pl\/index.php\/wp-json\/wp\/v2\/pages\/17\/revisions"}],"predecessor-version":[{"id":209,"href":"https:\/\/www.bielanskieps.pl\/index.php\/wp-json\/wp\/v2\/pages\/17\/revisions\/209"}],"wp:attachment":[{"href":"https:\/\/www.bielanskieps.pl\/index.php\/wp-json\/wp\/v2\/media?parent=17"}],"curies":[{"name":"wp","href":"https:\/\/api.w.org\/{rel}","templated":true}]}}