{"id":18,"date":"2026-03-08T20:03:12","date_gmt":"2026-03-08T19:03:12","guid":{"rendered":"http:\/\/www.bielanskieps.pl\/?page_id=18"},"modified":"2026-04-12T18:26:40","modified_gmt":"2026-04-12T16:26:40","slug":"catering","status":"publish","type":"page","link":"https:\/\/www.bielanskieps.pl\/index.php\/catering\/","title":{"rendered":"Catering"},"content":{"rendered":"\n<p>Przygotowujemy catering na szkolenia, eventy, spotkania firmowe i rodzinne. Oferujemy dania obiadowe z dowozem, a tak\u017ce kompleksow\u0105 obs\u0142ug\u0119 bufet\u00f3w \u2014 zar\u00f3wno w formie ciep\u0142ej kuchni, jak i lekkich przek\u0105sek finger food, bufet\u00f3w kawowych oraz deser\u00f3w.<\/p>\n\n\n\n<p>Tworzymy ofert\u0119, kt\u00f3ra \u0142\u0105czy wygod\u0119 organizacyjn\u0105 z domowym smakiem i estetycznym podaniem. Nasze propozycje sprawdzaj\u0105 si\u0119 zar\u00f3wno podczas kameralnych spotka\u0144, jak i wi\u0119kszych wydarze\u0144, gdzie liczy si\u0119 sprawna obs\u0142uga, dobra jako\u015b\u0107 i menu dopasowane do charakteru okazji.<\/p>\n\n\n\n<p>W zale\u017cno\u015bci od potrzeb przygotowujemy:<br>dania obiadowe z dowozem na szkolenia, spotkania i wydarzenia,<br>bufety ciep\u0142e,<br>przek\u0105ski finger food,<br>bufety kawowe,<br>desery i s\u0142odki pocz\u0119stunek.<\/p>\n\n\n\n<p>Stawiamy na kuchni\u0119, kt\u00f3ra jest smaczna, przyst\u0119pna i dobrze przyjmowana przez go\u015bci. \u0141\u0105czymy klasyczne inspiracje kuchni\u0105 polsk\u0105 i europejsk\u0105 z wygodn\u0105 form\u0105 serwowania, dzi\u0119ki czemu nasze menu sprawdza si\u0119 zar\u00f3wno w przestrzeni biurowej, jak i podczas uroczysto\u015bci rodzinnych czy wydarze\u0144 okoliczno\u015bciowych.<\/p>\n\n\n\n<p>Ka\u017cde zam\u00f3wienie ustalamy indywidualnie \u2014 tak, aby dopasowa\u0107 zakres cateringu, form\u0119 podania i rodzaj menu do liczby go\u015bci, charakteru wydarzenia oraz bud\u017cetu.<\/p>\n\n\n\n<p><strong>Co mo\u017cemy przygotowa\u0107?<\/strong><br>Obiady z dowozem<br>Bufety ciep\u0142e<br>Finger food<br>Bufety kawowe<br>Desery i s\u0142odkie sto\u0142y<\/p>\n\n\n\n<p><strong>Zam\u00f3w catering<\/strong><br>Skontaktuj si\u0119 z nami, a przygotujemy propozycj\u0119 dopasowan\u0105 do Twojego wydarzenia.<\/p>\n\n\n\n<p><\/p>\n\n\n\n<div class=\"blockart-section blockart-section-e868b846\"><div class=\"blockart-container\"><div class=\"blockart-section-inner\">\n<div class=\"blockart-column blockart-column-9d7d8b5d\"><div class=\"blockart-column-inner\">\n<div class=\"blockart-section blockart-section-13705ef4\"><div class=\"blockart-container\"><div class=\"blockart-section-inner\">\n<div class=\"blockart-column blockart-column-fd0460be\"><div class=\"blockart-column-inner\">\n<figure class=\"blockart-image blockart-image-0348d616\"><img loading=\"lazy\" decoding=\"async\" width=\"521\" height=\"521\" class=\"wp-image-182\" src=\"http:\/\/www.bielanskieps.pl\/wp-content\/uploads\/2026\/04\/6.png\" alt=\"\" srcset=\"https:\/\/www.bielanskieps.pl\/wp-content\/uploads\/2026\/04\/6.png 521w, https:\/\/www.bielanskieps.pl\/wp-content\/uploads\/2026\/04\/6-300x300.png 300w, https:\/\/www.bielanskieps.pl\/wp-content\/uploads\/2026\/04\/6-150x150.png 150w\" sizes=\"auto, (max-width: 521px) 100vw, 521px\" \/><\/figure>\n\n\n\n<figure class=\"blockart-image blockart-image-1de9e9aa\"><img loading=\"lazy\" decoding=\"async\" width=\"521\" height=\"521\" class=\"wp-image-181\" src=\"http:\/\/www.bielanskieps.pl\/wp-content\/uploads\/2026\/04\/10.png\" alt=\"\" srcset=\"https:\/\/www.bielanskieps.pl\/wp-content\/uploads\/2026\/04\/10.png 521w, https:\/\/www.bielanskieps.pl\/wp-content\/uploads\/2026\/04\/10-300x300.png 300w, https:\/\/www.bielanskieps.pl\/wp-content\/uploads\/2026\/04\/10-150x150.png 150w\" sizes=\"auto, (max-width: 521px) 100vw, 521px\" \/><\/figure>\n<\/div><\/div>\n\n\n\n<div class=\"blockart-column blockart-column-b3ce0563\"><div class=\"blockart-column-inner\">\n<figure class=\"blockart-image blockart-image-4ca82c9e\"><img loading=\"lazy\" decoding=\"async\" width=\"521\" height=\"521\" class=\"wp-image-183\" src=\"http:\/\/www.bielanskieps.pl\/wp-content\/uploads\/2026\/04\/8-1.png\" alt=\"\" srcset=\"https:\/\/www.bielanskieps.pl\/wp-content\/uploads\/2026\/04\/8-1.png 521w, https:\/\/www.bielanskieps.pl\/wp-content\/uploads\/2026\/04\/8-1-300x300.png 300w, https:\/\/www.bielanskieps.pl\/wp-content\/uploads\/2026\/04\/8-1-150x150.png 150w\" sizes=\"auto, (max-width: 521px) 100vw, 521px\" \/><\/figure>\n\n\n\n<figure class=\"blockart-image blockart-image-6257d5c5\"><img loading=\"lazy\" decoding=\"async\" width=\"521\" height=\"521\" class=\"wp-image-184\" src=\"http:\/\/www.bielanskieps.pl\/wp-content\/uploads\/2026\/04\/5-1.png\" alt=\"\" srcset=\"https:\/\/www.bielanskieps.pl\/wp-content\/uploads\/2026\/04\/5-1.png 521w, https:\/\/www.bielanskieps.pl\/wp-content\/uploads\/2026\/04\/5-1-300x300.png 300w, https:\/\/www.bielanskieps.pl\/wp-content\/uploads\/2026\/04\/5-1-150x150.png 150w\" sizes=\"auto, (max-width: 521px) 100vw, 521px\" \/><\/figure>\n<\/div><\/div>\n\n\n\n<div class=\"blockart-column blockart-column-def7a637\"><div class=\"blockart-column-inner\">\n<h2 class=\"blockart-heading blockart-heading-9b7b0570\">Co robimy<\/h2>\n\n\n\n<p class=\"blockart-paragraph blockart-paragraph-8de45f7e\">Oferujemy catering na szkolenia, eventy, spotkania firmowe i rodzinne. Przygotowujemy dania obiadowe z dowozem, bufety ciep\u0142e, przek\u0105ski finger food, bufety kawowe oraz desery \u2014 smacznie, sprawnie i w formule dopasowanej do charakteru wydarzenia.<\/p>\n\n\n\n<div class=\"blockart-section blockart-section-44a15cee\"><div class=\"blockart-container\"><div class=\"blockart-section-inner\">\n<div class=\"blockart-column blockart-column-bec3727a\"><div class=\"blockart-column-inner\">\n<figure class=\"blockart-image blockart-image-ceea5af2\"><img loading=\"lazy\" decoding=\"async\" width=\"521\" height=\"521\" class=\"wp-image-185\" src=\"http:\/\/www.bielanskieps.pl\/wp-content\/uploads\/2026\/04\/14.png\" alt=\"\" srcset=\"https:\/\/www.bielanskieps.pl\/wp-content\/uploads\/2026\/04\/14.png 521w, https:\/\/www.bielanskieps.pl\/wp-content\/uploads\/2026\/04\/14-300x300.png 300w, https:\/\/www.bielanskieps.pl\/wp-content\/uploads\/2026\/04\/14-150x150.png 150w\" sizes=\"auto, (max-width: 521px) 100vw, 521px\" \/><\/figure>\n\n\n\n<h3 class=\"blockart-heading blockart-heading-4ae89353\">Fingerfood<\/h3>\n\n\n<\/div><\/div>\n\n\n\n<div class=\"blockart-column blockart-column-e9d74bbd\"><div class=\"blockart-column-inner\">\n<figure class=\"blockart-image blockart-image-4cdab099\"><img loading=\"lazy\" decoding=\"async\" width=\"521\" height=\"521\" class=\"wp-image-186\" src=\"http:\/\/www.bielanskieps.pl\/wp-content\/uploads\/2026\/04\/13.png\" alt=\"\" srcset=\"https:\/\/www.bielanskieps.pl\/wp-content\/uploads\/2026\/04\/13.png 521w, https:\/\/www.bielanskieps.pl\/wp-content\/uploads\/2026\/04\/13-300x300.png 300w, https:\/\/www.bielanskieps.pl\/wp-content\/uploads\/2026\/04\/13-150x150.png 150w\" sizes=\"auto, (max-width: 521px) 100vw, 521px\" \/><\/figure>\n\n\n\n<h3 class=\"blockart-heading blockart-heading-50cdd507\">Dania obiadowe<\/h3>\n\n\n<\/div><\/div>\n<\/div><\/div><\/div>\n\n\n\n<div class=\"blockart-section blockart-section-07a21e3e\"><div class=\"blockart-container\"><div class=\"blockart-section-inner\">\n<div class=\"blockart-column blockart-column-558d2f24\"><div class=\"blockart-column-inner\">\n<figure class=\"blockart-image blockart-image-03c080e2\"><img loading=\"lazy\" decoding=\"async\" width=\"521\" height=\"521\" class=\"wp-image-187\" src=\"http:\/\/www.bielanskieps.pl\/wp-content\/uploads\/2026\/04\/15.png\" alt=\"\" srcset=\"https:\/\/www.bielanskieps.pl\/wp-content\/uploads\/2026\/04\/15.png 521w, https:\/\/www.bielanskieps.pl\/wp-content\/uploads\/2026\/04\/15-300x300.png 300w, https:\/\/www.bielanskieps.pl\/wp-content\/uploads\/2026\/04\/15-150x150.png 150w\" sizes=\"auto, (max-width: 521px) 100vw, 521px\" \/><\/figure>\n\n\n\n<h3 class=\"blockart-heading blockart-heading-8d50fee1\">Desery i ciasta<\/h3>\n\n\n<\/div><\/div>\n\n\n\n<div class=\"blockart-column blockart-column-1fe5967c\"><div class=\"blockart-column-inner\">\n<figure class=\"blockart-image blockart-image-2f5cd7eb\"><img loading=\"lazy\" decoding=\"async\" width=\"521\" height=\"521\" class=\"wp-image-188\" src=\"http:\/\/www.bielanskieps.pl\/wp-content\/uploads\/2026\/04\/16.png\" alt=\"\" srcset=\"https:\/\/www.bielanskieps.pl\/wp-content\/uploads\/2026\/04\/16.png 521w, https:\/\/www.bielanskieps.pl\/wp-content\/uploads\/2026\/04\/16-300x300.png 300w, https:\/\/www.bielanskieps.pl\/wp-content\/uploads\/2026\/04\/16-150x150.png 150w\" sizes=\"auto, (max-width: 521px) 100vw, 521px\" \/><\/figure>\n\n\n\n<h3 class=\"blockart-heading blockart-heading-d4867368\">Przyj\u0119cia<\/h3>\n\n\n\n\n\n<p><\/p>\n<\/div><\/div>\n<\/div><\/div><\/div>\n<\/div><\/div>\n<\/div><\/div><\/div>\n<\/div><\/div>\n<\/div><\/div><\/div>\n","protected":false},"excerpt":{"rendered":"<p>Przygotowujemy catering na szkolenia, eventy, spotkania firmowe i rodzinne. Oferujemy dania obiadowe z dowozem, a tak\u017ce kompleksow\u0105 obs\u0142ug\u0119 bufet\u00f3w \u2014 zar\u00f3wno w formie ciep\u0142ej kuchni, jak i lekkich przek\u0105sek finger &#8230;<\/p>\n","protected":false},"author":1,"featured_media":0,"parent":0,"menu_order":0,"comment_status":"closed","ping_status":"closed","template":"","meta":{"footnotes":""},"class_list":["post-18","page","type-page","status-publish","hentry"],"_links":{"self":[{"href":"https:\/\/www.bielanskieps.pl\/index.php\/wp-json\/wp\/v2\/pages\/18","targetHints":{"allow":["GET"]}}],"collection":[{"href":"https:\/\/www.bielanskieps.pl\/index.php\/wp-json\/wp\/v2\/pages"}],"about":[{"href":"https:\/\/www.bielanskieps.pl\/index.php\/wp-json\/wp\/v2\/types\/page"}],"author":[{"embeddable":true,"href":"https:\/\/www.bielanskieps.pl\/index.php\/wp-json\/wp\/v2\/users\/1"}],"replies":[{"embeddable":true,"href":"https:\/\/www.bielanskieps.pl\/index.php\/wp-json\/wp\/v2\/comments?post=18"}],"version-history":[{"count":2,"href":"https:\/\/www.bielanskieps.pl\/index.php\/wp-json\/wp\/v2\/pages\/18\/revisions"}],"predecessor-version":[{"id":189,"href":"https:\/\/www.bielanskieps.pl\/index.php\/wp-json\/wp\/v2\/pages\/18\/revisions\/189"}],"wp:attachment":[{"href":"https:\/\/www.bielanskieps.pl\/index.php\/wp-json\/wp\/v2\/media?parent=18"}],"curies":[{"name":"wp","href":"https:\/\/api.w.org\/{rel}","templated":true}]}}